{"id":140,"date":"2023-04-07T18:35:10","date_gmt":"2023-04-07T18:35:10","guid":{"rendered":"https:\/\/espaciodeinfancias.com.ar\/?page_id=140"},"modified":"2026-03-06T21:05:11","modified_gmt":"2026-03-06T21:05:11","slug":"0-a-3-anos","status":"publish","type":"page","link":"https:\/\/espaciodeinfancias.com.ar\/?page_id=140","title":{"rendered":"0 a 3 a\u00f1os"},"content":{"rendered":"\n<p>Desarrollo, juego y estimulaci\u00f3n<\/p>\n\n\n\n<div class=\"wp-block-media-text alignwide is-stacked-on-mobile\" style=\"grid-template-columns:27% auto\"><figure class=\"wp-block-media-text__media\"><img loading=\"lazy\" decoding=\"async\" width=\"1024\" height=\"683\" src=\"https:\/\/espaciodeinfancias.com.ar\/wp-content\/uploads\/2023\/04\/pexels-tatiana-syrikova-3933030-1024x683.jpg\" alt=\"\" class=\"wp-image-147 size-full\" srcset=\"https:\/\/espaciodeinfancias.com.ar\/wp-content\/uploads\/2023\/04\/pexels-tatiana-syrikova-3933030-1024x683.jpg 1024w, https:\/\/espaciodeinfancias.com.ar\/wp-content\/uploads\/2023\/04\/pexels-tatiana-syrikova-3933030-scaled-600x400.jpg 600w, https:\/\/espaciodeinfancias.com.ar\/wp-content\/uploads\/2023\/04\/pexels-tatiana-syrikova-3933030-300x200.jpg 300w, https:\/\/espaciodeinfancias.com.ar\/wp-content\/uploads\/2023\/04\/pexels-tatiana-syrikova-3933030-768x512.jpg 768w, https:\/\/espaciodeinfancias.com.ar\/wp-content\/uploads\/2023\/04\/pexels-tatiana-syrikova-3933030-1536x1024.jpg 1536w, https:\/\/espaciodeinfancias.com.ar\/wp-content\/uploads\/2023\/04\/pexels-tatiana-syrikova-3933030-2048x1366.jpg 2048w\" sizes=\"auto, (max-width: 1024px) 100vw, 1024px\" \/><\/figure><div class=\"wp-block-media-text__content\">\n<p>A medida que crecen, los ni\u00f1os, empiezan a moverse para alcanzar objetos, imitan gestos y sonidos dentro de peque\u00f1os juegos con los adultos m\u00e1s cercanos, investigan los diferentes objetos con verdadera atenci\u00f3n, los agitan, persiguen, voltean, esconden, y as\u00ed van teniendo sus primeras experiencias con el lenguaje, que las denominamos \u00abprotoconversaciones\u00bb. Los ni\u00f1os comienzan a entender el lenguaje pero no pueden producirlo, por eso el rol de un adulto atento a los gestos, es fundamental.<\/p>\n\n\n\n<p>El juego, lo l\u00fadico est\u00e1 \u00edntimamente relacionado con el desarrollo motor del beb\u00e9, con sus habilidades manuales, su capacidad de aprendizaje y con la comunicaci\u00f3n y el lenguaje. Es importante que conozcamos a nuestros beb\u00e9s y les brindemos tanto el espacio como los objetos o juguetes m\u00e1s adecuados para cada etapa. Cada sonido, cada intento es un paso m\u00e1s en el desarrollo del lenguaje.<\/p>\n\n\n\n<hr class=\"wp-block-separator has-alpha-channel-opacity\"\/>\n<\/div><\/div>\n\n\n\n<p>Infancia y adquisici\u00f3n del lenguaje<\/p>\n\n\n\n<p>Aqu\u00ed ten\u00e9s una <strong>breve rese\u00f1a<\/strong> del video de <strong>Celia Rosemberg<\/strong> titulado <em>\u00abImportancia del lenguaje en los primeros a\u00f1os de vida\u00bb<\/em>, disponible en YouTube:<br>\ud83c\udfa5 <a href=\"https:\/\/www.youtube.com\/watch?v=_YeES7PNBjQ\">https:\/\/www.youtube.com\/watch?v=_YeES7PNBjQ<\/a><\/p>\n\n\n\n<hr class=\"wp-block-separator has-alpha-channel-opacity\"\/>\n\n\n\n<p>En este valioso video, <strong>Celia Rosemberg<\/strong>, destacada investigadora del CONICET, reflexiona sobre el papel fundamental del <strong>lenguaje oral en los primeros a\u00f1os de vida<\/strong>, especialmente en el desarrollo cognitivo y social de los ni\u00f1os. Se\u00f1ala que <strong>el lenguaje no es solo una herramienta de comunicaci\u00f3n<\/strong>, sino tambi\u00e9n una v\u00eda clave para el pensamiento, la regulaci\u00f3n emocional y la construcci\u00f3n de conocimientos.<\/p>\n\n\n\n<p>Rosemberg subraya la importancia de <strong>contextos ricos en lenguaje<\/strong>, donde los adultos interact\u00faan con los ni\u00f1os a trav\u00e9s del di\u00e1logo, la narraci\u00f3n y el juego, promoviendo as\u00ed el desarrollo de vocabulario, estructuras ling\u00fc\u00edsticas y habilidades discursivas. Tambi\u00e9n destaca el valor de <strong>la alfabetizaci\u00f3n temprana<\/strong> como una experiencia cultural que debe iniciarse desde la infancia, incluso antes del ingreso al sistema escolar.<\/p>\n\n\n\n<p>Finalmente, la autora resalta la necesidad de <strong>formar a docentes y familias<\/strong> para acompa\u00f1ar este proceso de manera consciente, equitativa y significativa, reconociendo la diversidad sociocultural de los entornos en los que los ni\u00f1os crecen.<\/p>\n\n\n\n<hr class=\"wp-block-separator has-alpha-channel-opacity\"\/>\n\n\n\n<p>\ud83d\udca1 <em>Una invitaci\u00f3n a repensar el rol del lenguaje como base del desarrollo y del derecho a aprender desde la primera infancia.<\/em><\/p>\n\n\n\n<figure class=\"wp-block-embed is-type-video is-provider-youtube wp-block-embed-youtube wp-embed-aspect-16-9 wp-has-aspect-ratio\"><div class=\"wp-block-embed__wrapper\">\n<iframe loading=\"lazy\" title=\"Los cimientos del aprendizaje - Celia Rosemberg\" width=\"640\" height=\"360\" src=\"https:\/\/www.youtube.com\/embed\/_YeES7PNBjQ?feature=oembed&#038;enablejsapi=1&#038;origin=https:\/\/espaciodeinfancias.com.ar\" frameborder=\"0\" allow=\"accelerometer; autoplay; clipboard-write; encrypted-media; gyroscope; picture-in-picture; web-share\" referrerpolicy=\"strict-origin-when-cross-origin\" allowfullscreen><\/iframe>\n<\/div><\/figure>\n","protected":false},"excerpt":{"rendered":"<p>Desarrollo, juego y estimulaci\u00f3n Infancia y adquisici\u00f3n del lenguaje Aqu\u00ed ten\u00e9s una breve rese\u00f1a del video de Celia Rosemberg titulado \u00abImportancia del lenguaje en los primeros a\u00f1os de vida\u00bb, disponible en YouTube:\ud83c\udfa5 https:\/\/www.youtube.com\/watch?v=_YeES7PNBjQ En este valioso video, Celia Rosemberg, destacada investigadora del CONICET, reflexiona sobre el papel fundamental del lenguaje oral en los primeros a\u00f1os<\/p>\n<div class=\"more-link\">\n             <a href=\"https:\/\/espaciodeinfancias.com.ar\/?page_id=140\" class=\"link-btn\"><span>Seguir leyendo <\/span><i class=\"icofont-thin-double-right\"><\/i><\/a>\n        <\/div>\n","protected":false},"author":1,"featured_media":0,"parent":15,"menu_order":2,"comment_status":"closed","ping_status":"closed","template":"","meta":{"footnotes":""},"class_list":["post-140","page","type-page","status-publish","hentry"],"_links":{"self":[{"href":"https:\/\/espaciodeinfancias.com.ar\/index.php?rest_route=\/wp\/v2\/pages\/140","targetHints":{"allow":["GET"]}}],"collection":[{"href":"https:\/\/espaciodeinfancias.com.ar\/index.php?rest_route=\/wp\/v2\/pages"}],"about":[{"href":"https:\/\/espaciodeinfancias.com.ar\/index.php?rest_route=\/wp\/v2\/types\/page"}],"author":[{"embeddable":true,"href":"https:\/\/espaciodeinfancias.com.ar\/index.php?rest_route=\/wp\/v2\/users\/1"}],"replies":[{"embeddable":true,"href":"https:\/\/espaciodeinfancias.com.ar\/index.php?rest_route=%2Fwp%2Fv2%2Fcomments&post=140"}],"version-history":[{"count":6,"href":"https:\/\/espaciodeinfancias.com.ar\/index.php?rest_route=\/wp\/v2\/pages\/140\/revisions"}],"predecessor-version":[{"id":809,"href":"https:\/\/espaciodeinfancias.com.ar\/index.php?rest_route=\/wp\/v2\/pages\/140\/revisions\/809"}],"up":[{"embeddable":true,"href":"https:\/\/espaciodeinfancias.com.ar\/index.php?rest_route=\/wp\/v2\/pages\/15"}],"wp:attachment":[{"href":"https:\/\/espaciodeinfancias.com.ar\/index.php?rest_route=%2Fwp%2Fv2%2Fmedia&parent=140"}],"curies":[{"name":"wp","href":"https:\/\/api.w.org\/{rel}","templated":true}]}}