{"id":15,"date":"2023-03-28T18:54:58","date_gmt":"2023-03-28T18:54:58","guid":{"rendered":"https:\/\/espaciodeinfancias.com.ar\/?page_id=15"},"modified":"2026-03-06T21:01:59","modified_gmt":"2026-03-06T21:01:59","slug":"nivel-inicial","status":"publish","type":"page","link":"https:\/\/espaciodeinfancias.com.ar\/?page_id=15","title":{"rendered":"Alfabetizaci\u00f3n temprana"},"content":{"rendered":"\n<p class=\"has-text-align-center\">El nivel inicial en nuestro pa\u00eds Argentina y la mayor\u00eda de los pa\u00edses hispanohablantes, se entiende como el trayecto de escolarizaci\u00f3n que puede iniciar el ni\u00f1o hacia su inserci\u00f3n en el nivel \u00abprimario\u00bb del sistema educativo. Esto implica la etapa maternal 45 d\u00edas a los 3 a\u00f1os de edad y la etapa infantes de 3 a 5 a\u00f1os.<\/p>\n\n\n\n<p class=\"has-text-align-center\">Este trayecto inicial, entendemos que sienta las bases de la escolarizaci\u00f3n de los ni\u00f1os. Por ello constituye un desaf\u00edo enorme. La mirada que tenemos sobre ello nos alienta a suponer que existe una relaci\u00f3n entre la adquisici\u00f3n inicial del lenguaje y el aprendizaje de la lectura, y <strong>que el aprendizaje de la lectura influye en los logros de aprendizaje a lo largo de la vida<\/strong>.<\/p>\n\n\n\n<blockquote class=\"wp-block-quote is-layout-flow wp-block-quote-is-layout-flow\">\n<p><em>Ya no tenemos un debate entre innato y adquirido o naturaleza y crianza en neurociencia. Hemos hecho muchos descubrimientos sobre el cerebro del beb\u00e9 y est\u00e1 muy organizado. Hay una gran cantidad de estructura innata en el cerebro del beb\u00e9. Por ejemplo, encontramos que si miramos el cerebro del beb\u00e9, incluso a los dos meses de edad, a\u00fan no tiene redes de lenguaje en el lugar adecuado, en el hemisferio izquierdo. Muy similar al mismo lugar que va a estar para las \u00e1reas del lenguaje en el otro cerebro. Pero al mismo tiempo, este es un sistema de aprendizaje muy poderoso. El algoritmo de aprendizaje se basa en la arquitectura gen\u00e9tica.<\/em><\/p>\n<cite>Stanislas Dehaene, en el reportaje con Jorge Fontevecchia (Perfil)<\/cite><\/blockquote>\n\n\n\n<p>Este avance de la neurociencia nos permite hoy anticipar algunas premisas en cuanto a los procesos neuronales que rigen al momento de aprender a leer y escribir, por ejemplo. Es entonces que proponemos una mirada del proceso lector que acompa\u00f1e este proceso neuronal desde el nacimiento hasta su escolarizaci\u00f3n.<\/p>\n\n\n\n<p>Los materiales, recursos y propuestas pedag\u00f3gicas, se elaboraron pensando en la estimulaci\u00f3n y desarrollo de las habilidades de conciencia fonol\u00f3gica, competencias motrices y socio emocionales. <\/p>\n\n\n\n<p>El material disponible en nuestra web est\u00e1 pensado para que padres como docentes puedan utilizarlo con el objetivo de acompa\u00f1ar procesos de ense\u00f1anza de la lectura y escritura.<\/p>\n","protected":false},"excerpt":{"rendered":"<p>El nivel inicial en nuestro pa\u00eds Argentina y la mayor\u00eda de los pa\u00edses hispanohablantes, se entiende como el trayecto de escolarizaci\u00f3n que puede iniciar el ni\u00f1o hacia su inserci\u00f3n en el nivel \u00abprimario\u00bb del sistema educativo. Esto implica la etapa maternal 45 d\u00edas a los 3 a\u00f1os de edad y la etapa infantes de 3<\/p>\n<div class=\"more-link\">\n             <a href=\"https:\/\/espaciodeinfancias.com.ar\/?page_id=15\" class=\"link-btn\"><span>Seguir leyendo <\/span><i class=\"icofont-thin-double-right\"><\/i><\/a>\n        <\/div>\n","protected":false},"author":1,"featured_media":0,"parent":0,"menu_order":0,"comment_status":"closed","ping_status":"closed","template":"","meta":{"footnotes":""},"class_list":["post-15","page","type-page","status-publish","hentry"],"_links":{"self":[{"href":"https:\/\/espaciodeinfancias.com.ar\/index.php?rest_route=\/wp\/v2\/pages\/15","targetHints":{"allow":["GET"]}}],"collection":[{"href":"https:\/\/espaciodeinfancias.com.ar\/index.php?rest_route=\/wp\/v2\/pages"}],"about":[{"href":"https:\/\/espaciodeinfancias.com.ar\/index.php?rest_route=\/wp\/v2\/types\/page"}],"author":[{"embeddable":true,"href":"https:\/\/espaciodeinfancias.com.ar\/index.php?rest_route=\/wp\/v2\/users\/1"}],"replies":[{"embeddable":true,"href":"https:\/\/espaciodeinfancias.com.ar\/index.php?rest_route=%2Fwp%2Fv2%2Fcomments&post=15"}],"version-history":[{"count":10,"href":"https:\/\/espaciodeinfancias.com.ar\/index.php?rest_route=\/wp\/v2\/pages\/15\/revisions"}],"predecessor-version":[{"id":807,"href":"https:\/\/espaciodeinfancias.com.ar\/index.php?rest_route=\/wp\/v2\/pages\/15\/revisions\/807"}],"wp:attachment":[{"href":"https:\/\/espaciodeinfancias.com.ar\/index.php?rest_route=%2Fwp%2Fv2%2Fmedia&parent=15"}],"curies":[{"name":"wp","href":"https:\/\/api.w.org\/{rel}","templated":true}]}}