{"id":295,"date":"2023-04-24T15:06:31","date_gmt":"2023-04-24T15:06:31","guid":{"rendered":"https:\/\/espaciodeinfancias.com.ar\/?page_id=295"},"modified":"2026-03-22T13:35:05","modified_gmt":"2026-03-22T13:35:05","slug":"vocales-comenzamos","status":"publish","type":"page","link":"https:\/\/espaciodeinfancias.com.ar\/?page_id=295","title":{"rendered":"Vocales \u00bfcomenzamos?"},"content":{"rendered":"\n<blockquote class=\"wp-block-quote is-layout-flow wp-block-quote-is-layout-flow\">\n<p><strong>Una de las tareas m\u00e1s bonitas<\/strong>&nbsp;que tiene un maestro, bajo mi punto de vista,&nbsp;<strong>es dotar de significado<\/strong>&nbsp;a \u201cunos signos raros\u201d llamados&nbsp;<strong>letras<\/strong>. <\/p>\n<cite>Amaya, una colega dijo por all\u00ed&#8230;<\/cite><\/blockquote>\n\n\n<div class=\"wp-block-image is-style-rounded\">\n<figure class=\"aligncenter size-full is-resized\"><img loading=\"lazy\" decoding=\"async\" width=\"1024\" height=\"1024\" src=\"https:\/\/espaciodeinfancias.com.ar\/wp-content\/uploads\/2023\/04\/letras-varias.jpg\" alt=\"\" class=\"wp-image-302\" style=\"width:263px;height:263px\" srcset=\"https:\/\/espaciodeinfancias.com.ar\/wp-content\/uploads\/2023\/04\/letras-varias.jpg 1024w, https:\/\/espaciodeinfancias.com.ar\/wp-content\/uploads\/2023\/04\/letras-varias-300x300.jpg 300w, https:\/\/espaciodeinfancias.com.ar\/wp-content\/uploads\/2023\/04\/letras-varias-150x150.jpg 150w, https:\/\/espaciodeinfancias.com.ar\/wp-content\/uploads\/2023\/04\/letras-varias-768x768.jpg 768w, https:\/\/espaciodeinfancias.com.ar\/wp-content\/uploads\/2023\/04\/letras-varias-600x600.jpg 600w, https:\/\/espaciodeinfancias.com.ar\/wp-content\/uploads\/2023\/04\/letras-varias-100x100.jpg 100w\" sizes=\"auto, (max-width: 1024px) 100vw, 1024px\" \/><\/figure>\n<\/div>\n\n\n<p>Cuando comenzamos el proceso de alfabetizaci\u00f3n, previamente debemos establecer la estrategia por el cual iniciaremos este proceso, ya que efectivamente leer implica una cantidad de procesos cognitivos de alto nivel, por ejemplo la <strong>decodificaci\u00f3n<\/strong>, que es la habilidad de obtener una respuesta r\u00e1pida del est\u00edmulo escrito y remitirnos al fonema almacenado en la memoria. Suena complejo \u00bfsi?, bueno, lo es. Por ello debemos dedicarle una especial atenci\u00f3n al momento de establecer m\u00e9todos, actividades, recursos did\u00e1cticos y planificaciones en este sentido.<\/p>\n\n\n\n<p>Particularmente en este blog siempre sugerimos el siguiente itinerario haciendo hincapi\u00e9 en la habilidad de conciencia fonol\u00f3gica, que b\u00e1sicamente y para no complejizar este texto, es la habilidad de reconocer los sonidos del habla y poder manipularlos.<\/p>\n\n\n\n<p>Pero de toda esta teor\u00eda&#8230;surge la pregunta \u00bfpor d\u00f3nde comenzamos? bien, aqu\u00ed les marco un itinerario marcado por algunos pasos necesarios.<\/p>\n\n\n\n<p>Comenzaremos por las vocales y con actividades vamos a ayudar a nuestros estudiantes o hijos a&nbsp;<strong>reconocer, trazar y discriminar vocales<\/strong>.<\/p>\n\n\n\n<h2 class=\"wp-block-heading has-vivid-green-cyan-background-color has-background\">1. Presentaci\u00f3n de la letra (una a la vez)<\/h2>\n\n\n\n<p>Convencida que el conocimiento se percibe con todos los sentidos, nuestra primera actividad ser\u00e1 con masa, un material noble y vers\u00e1til que permite a los ni\u00f1os apropiarse f\u00e1cilmente de \u00e9l.<\/p>\n\n\n\n<div class=\"wp-block-media-text alignwide is-stacked-on-mobile\" style=\"grid-template-columns:44% auto\"><figure class=\"wp-block-media-text__media\"><img loading=\"lazy\" decoding=\"async\" width=\"1024\" height=\"683\" src=\"https:\/\/espaciodeinfancias.com.ar\/wp-content\/uploads\/2026\/03\/Vocales-Espacio-de-Infancias-1024x683.jpg\" alt=\"\" class=\"wp-image-837 size-full\" srcset=\"https:\/\/espaciodeinfancias.com.ar\/wp-content\/uploads\/2026\/03\/Vocales-Espacio-de-Infancias-1024x683.jpg 1024w, https:\/\/espaciodeinfancias.com.ar\/wp-content\/uploads\/2026\/03\/Vocales-Espacio-de-Infancias-300x200.jpg 300w, https:\/\/espaciodeinfancias.com.ar\/wp-content\/uploads\/2026\/03\/Vocales-Espacio-de-Infancias-768x512.jpg 768w, https:\/\/espaciodeinfancias.com.ar\/wp-content\/uploads\/2026\/03\/Vocales-Espacio-de-Infancias-100x67.jpg 100w, https:\/\/espaciodeinfancias.com.ar\/wp-content\/uploads\/2026\/03\/Vocales-Espacio-de-Infancias-1536x1024.jpg 1536w, https:\/\/espaciodeinfancias.com.ar\/wp-content\/uploads\/2026\/03\/Vocales-Espacio-de-Infancias-600x400.jpg 600w, https:\/\/espaciodeinfancias.com.ar\/wp-content\/uploads\/2026\/03\/Vocales-Espacio-de-Infancias.jpg 1800w\" sizes=\"auto, (max-width: 1024px) 100vw, 1024px\" \/><\/figure><div class=\"wp-block-media-text__content\">\n<p>Presentamos la letra cual protagonista de un show! Podemos utilizar apoyo visual con fichas realizadas en cartulina con imagenes, cuya vocal inicial sea la \u00aba\u00bb por ejemplo. Aqu\u00ed prestamos particular atenci\u00f3n al estiramiento o alargamiento del sonido inicial poniendo \u00e9nfasis en la letra \u00aba\u00bb y coarticulando su sonido con el siguiente. \u00abaaaaaaaa <strong>abeja<\/strong>\u00ab<\/p>\n\n\n\n<p>Debemos insistir en el sonido de esa vocal, como ponemos la boca al pronunciarla. \u00bfqu\u00e9 otras palabras conocemos que comiencen con a? \u00bfconocemos a alguien cuyo nombre comience con a?<\/p>\n\n\n\n<p>Dentro de la tienda\/Shop pod\u00e9s encontrar recursos como fichas con vocales!<a href=\"https:\/\/drive.google.com\/file\/d\/19tR6EXiDvXlCurnmD6sWZeOakqlu48VE\/view?usp=sharing\">https:\/\/drive.google.com\/file\/d\/19tR6EXiDvXlCurnmD6sWZeOakqlu48VE\/view?usp=sharing<\/a><\/p>\n\n\n\n<p><\/p>\n<\/div><\/div>\n\n\n\n<h2 class=\"wp-block-heading has-vivid-cyan-blue-background-color has-background\">2. Trazado de la letra\/ Grafema<\/h2>\n\n\n\n<p>Ac\u00e1 juega un papel importante la grafomotricidad. Vamos a proponer graficar la letra a trav\u00e9s de diferentes recursos:<\/p>\n\n\n\n<p>Recortamos papelitos de colores y los pegamos marcando el recorrido del trazo de la letra.<\/p>\n\n\n\n<div class=\"wp-block-media-text alignwide is-stacked-on-mobile\" style=\"grid-template-columns:33% auto\"><figure class=\"wp-block-media-text__media\"><img loading=\"lazy\" decoding=\"async\" width=\"1024\" height=\"538\" src=\"https:\/\/espaciodeinfancias.com.ar\/wp-content\/uploads\/2023\/04\/letra-O-papelitos-1024x538.jpg\" alt=\"\" class=\"wp-image-297 size-full\" srcset=\"https:\/\/espaciodeinfancias.com.ar\/wp-content\/uploads\/2023\/04\/letra-O-papelitos-1024x538.jpg 1024w, https:\/\/espaciodeinfancias.com.ar\/wp-content\/uploads\/2023\/04\/letra-O-papelitos-300x158.jpg 300w, https:\/\/espaciodeinfancias.com.ar\/wp-content\/uploads\/2023\/04\/letra-O-papelitos-768x403.jpg 768w, https:\/\/espaciodeinfancias.com.ar\/wp-content\/uploads\/2023\/04\/letra-O-papelitos-600x315.jpg 600w, https:\/\/espaciodeinfancias.com.ar\/wp-content\/uploads\/2023\/04\/letra-O-papelitos.jpg 1280w\" sizes=\"auto, (max-width: 1024px) 100vw, 1024px\" \/><\/figure><div class=\"wp-block-media-text__content\">\n<p>Pueder ser utilizando una plantilla de base con la letra ya trazada (encontralas en nuestra web en Descargas) o podemos sugerir que ellos mismos la realicen, como la recuerdan.<\/p>\n\n\n\n<p>El recorte y pegue de papelitos, puede ser con otros materiales pompones, bollar papel crepe y pegar, fideos, o la deco que se te ocurra. Lo importante es el trazado.<\/p>\n<\/div><\/div>\n\n\n\n<p>Bien, vos me dir\u00e1s \u00a1esto ya lo realiz\u00f3 en el Kinder o Jard\u00edn de infantes! claro y pueder ser (en el caso que estemos hablando de ni\u00f1os en primaria) Peroooo, ahora esto tiene un contexto claro y esto es sumamente importante recordarlo, estamos ense\u00f1ando a leer, estamos ense\u00f1ando las vocales, espec\u00edficamente, ese es el objetivo principal y resulta hasta necesario transmitirle esto mismo a los ni\u00f1os. \u00abhoy vamos a conocer la letra A\u00bb por ejemplo, manifestarlo abiertamente, es genial y a ellos los entusiasma.<\/p>\n\n\n\n<h2 class=\"wp-block-heading has-pale-pink-background-color has-background\">3. Reconocimiento de la vocal o letra aprendida<\/h2>\n\n\n\n<p>En esta etapa vamos a poder evaluar que tanto se incorpor\u00f3 esa\/s letra\/s aprendidas. Esto implica un proceso de discriminaci\u00f3n visual interesante, que puede ser a trav\u00e9s de:<\/p>\n\n\n\n<p><strong>Sopa de letras:<\/strong> Una sopa de letras en d\u00f3nde les pidamos que coloreen o marquen solo una letra.<\/p>\n\n\n\n<p><strong>Detective de letras: <\/strong>En la pizarra o cartulina escribimos un texto y les pedimos que encuentren la letra A en todos los lugares que aparezca. (Adquir\u00ed los cuadernillos de lectoescritura que tienen esta y m\u00e1s actividades en el Shop)<\/p>\n\n\n\n<p><strong>Juego de la silla voc\u00e1lico:<\/strong> Colocas por toda el aula las sillas de los ni\u00f1os, y en el respaldo de cada una de ellas se pone una vocal al azar. Mientras suena la m\u00fasica se va colocando en uno de los bolsillos un cart\u00f3n con una letra. Hasta que no pare la m\u00fasica no podr\u00e1n ver el cart\u00f3n, que los llevar\u00e1 a la silla adecuada. <\/p>\n\n\n\n<p><\/p>\n","protected":false},"excerpt":{"rendered":"<p>Una de las tareas m\u00e1s bonitas&nbsp;que tiene un maestro, bajo mi punto de vista,&nbsp;es dotar de significado&nbsp;a \u201cunos signos raros\u201d llamados&nbsp;letras. Amaya, una colega dijo por all\u00ed&#8230; Cuando comenzamos el proceso de alfabetizaci\u00f3n, previamente debemos establecer la estrategia por el cual iniciaremos este proceso, ya que efectivamente leer implica una cantidad de procesos cognitivos de<\/p>\n<div class=\"more-link\">\n             <a href=\"https:\/\/espaciodeinfancias.com.ar\/?page_id=295\" class=\"link-btn\"><span>Seguir leyendo <\/span><i class=\"icofont-thin-double-right\"><\/i><\/a>\n        <\/div>\n","protected":false},"author":1,"featured_media":0,"parent":15,"menu_order":2,"comment_status":"closed","ping_status":"closed","template":"","meta":{"footnotes":""},"class_list":["post-295","page","type-page","status-publish","hentry"],"_links":{"self":[{"href":"https:\/\/espaciodeinfancias.com.ar\/index.php?rest_route=\/wp\/v2\/pages\/295","targetHints":{"allow":["GET"]}}],"collection":[{"href":"https:\/\/espaciodeinfancias.com.ar\/index.php?rest_route=\/wp\/v2\/pages"}],"about":[{"href":"https:\/\/espaciodeinfancias.com.ar\/index.php?rest_route=\/wp\/v2\/types\/page"}],"author":[{"embeddable":true,"href":"https:\/\/espaciodeinfancias.com.ar\/index.php?rest_route=\/wp\/v2\/users\/1"}],"replies":[{"embeddable":true,"href":"https:\/\/espaciodeinfancias.com.ar\/index.php?rest_route=%2Fwp%2Fv2%2Fcomments&post=295"}],"version-history":[{"count":6,"href":"https:\/\/espaciodeinfancias.com.ar\/index.php?rest_route=\/wp\/v2\/pages\/295\/revisions"}],"predecessor-version":[{"id":838,"href":"https:\/\/espaciodeinfancias.com.ar\/index.php?rest_route=\/wp\/v2\/pages\/295\/revisions\/838"}],"up":[{"embeddable":true,"href":"https:\/\/espaciodeinfancias.com.ar\/index.php?rest_route=\/wp\/v2\/pages\/15"}],"wp:attachment":[{"href":"https:\/\/espaciodeinfancias.com.ar\/index.php?rest_route=%2Fwp%2Fv2%2Fmedia&parent=295"}],"curies":[{"name":"wp","href":"https:\/\/api.w.org\/{rel}","templated":true}]}}