{"id":347,"date":"2023-05-31T18:16:03","date_gmt":"2023-05-31T18:16:03","guid":{"rendered":"https:\/\/espaciodeinfancias.com.ar\/?page_id=347"},"modified":"2024-10-05T20:38:22","modified_gmt":"2024-10-05T20:38:22","slug":"abecedario-fonetico","status":"publish","type":"page","link":"https:\/\/espaciodeinfancias.com.ar\/?page_id=347","title":{"rendered":"Abecedario Fon\u00e9tico"},"content":{"rendered":"\n<figure class=\"wp-block-embed aligncenter is-type-video is-provider-youtube wp-block-embed-youtube wp-embed-aspect-4-3 wp-has-aspect-ratio\"><div class=\"wp-block-embed__wrapper\">\n<iframe loading=\"lazy\" title=\"Abecedario fon\u00e9tico\" width=\"640\" height=\"480\" src=\"https:\/\/www.youtube.com\/embed\/pfXSlzXRN6A?feature=oembed&#038;enablejsapi=1&#038;origin=https:\/\/espaciodeinfancias.com.ar\" frameborder=\"0\" allow=\"accelerometer; autoplay; clipboard-write; encrypted-media; gyroscope; picture-in-picture; web-share\" referrerpolicy=\"strict-origin-when-cross-origin\" allowfullscreen><\/iframe>\n<\/div><\/figure>\n\n\n\n<p>Recordemos que la conciencia fon\u00e9tica se refiere a la\u00a0<strong>habilidad de escuchar, identificar y manipular los fonemas<\/strong> (las unidades m\u00e1s peque\u00f1as de los sonidos que se combinan para formar palabras).<\/p>\n\n\n\n<p>Entonces este abecedario en v\u00eddeo constituye un recurso de apoyo para estimular esta habilidad. La idea es poder repetirlo junto a los ni\u00f1os con la pronunciaci\u00f3n de cada letra.<\/p>\n\n\n\n<p>Los espero en canal de youtube.<\/p>\n","protected":false},"excerpt":{"rendered":"<p>Recordemos que la conciencia fon\u00e9tica se refiere a la\u00a0habilidad de escuchar, identificar y manipular los fonemas (las unidades m\u00e1s peque\u00f1as de los sonidos que se combinan para formar palabras). Entonces este abecedario en v\u00eddeo constituye un recurso de apoyo para estimular esta habilidad. La idea es poder repetirlo junto a los ni\u00f1os con la pronunciaci\u00f3n<\/p>\n<div class=\"more-link\">\n             <a href=\"https:\/\/espaciodeinfancias.com.ar\/?page_id=347\" class=\"link-btn\"><span>Seguir leyendo <\/span><i class=\"icofont-thin-double-right\"><\/i><\/a>\n        <\/div>\n","protected":false},"author":1,"featured_media":0,"parent":17,"menu_order":4,"comment_status":"closed","ping_status":"closed","template":"","meta":{"footnotes":""},"class_list":["post-347","page","type-page","status-publish","hentry"],"_links":{"self":[{"href":"https:\/\/espaciodeinfancias.com.ar\/index.php?rest_route=\/wp\/v2\/pages\/347","targetHints":{"allow":["GET"]}}],"collection":[{"href":"https:\/\/espaciodeinfancias.com.ar\/index.php?rest_route=\/wp\/v2\/pages"}],"about":[{"href":"https:\/\/espaciodeinfancias.com.ar\/index.php?rest_route=\/wp\/v2\/types\/page"}],"author":[{"embeddable":true,"href":"https:\/\/espaciodeinfancias.com.ar\/index.php?rest_route=\/wp\/v2\/users\/1"}],"replies":[{"embeddable":true,"href":"https:\/\/espaciodeinfancias.com.ar\/index.php?rest_route=%2Fwp%2Fv2%2Fcomments&post=347"}],"version-history":[{"count":2,"href":"https:\/\/espaciodeinfancias.com.ar\/index.php?rest_route=\/wp\/v2\/pages\/347\/revisions"}],"predecessor-version":[{"id":349,"href":"https:\/\/espaciodeinfancias.com.ar\/index.php?rest_route=\/wp\/v2\/pages\/347\/revisions\/349"}],"up":[{"embeddable":true,"href":"https:\/\/espaciodeinfancias.com.ar\/index.php?rest_route=\/wp\/v2\/pages\/17"}],"wp:attachment":[{"href":"https:\/\/espaciodeinfancias.com.ar\/index.php?rest_route=%2Fwp%2Fv2%2Fmedia&parent=347"}],"curies":[{"name":"wp","href":"https:\/\/api.w.org\/{rel}","templated":true}]}}