{"id":759,"date":"2025-06-19T19:10:17","date_gmt":"2025-06-19T19:10:17","guid":{"rendered":"https:\/\/espaciodeinfancias.com.ar\/?page_id=759"},"modified":"2025-06-19T19:31:08","modified_gmt":"2025-06-19T19:31:08","slug":"familias","status":"publish","type":"page","link":"https:\/\/espaciodeinfancias.com.ar\/?page_id=759","title":{"rendered":"Familias"},"content":{"rendered":"\n<p>\ud83c\udfa5 <strong>\u00bfQu\u00e9 significa ense\u00f1ar a leer y escribir hoy?<\/strong><br>En este breve video, te invitamos a reflexionar sobre el verdadero sentido de la alfabetizaci\u00f3n en la infancia. Porque ense\u00f1ar a leer y escribir no es solo un objetivo escolar, sino un acto de acompa\u00f1amiento, de apertura al mundo y de construcci\u00f3n de sentidos.<\/p>\n\n\n\n<p>\ud83c\udf31 Desde <em>Espacio de Infancias<\/em>, seguimos apostando a propuestas que emocionen, motiven y transformen.<\/p>\n\n\n\n<p>\ud83d\udd17 Miralo completo ac\u00e1 \ud83d\udc49 <a class=\"\" href=\"https:\/\/youtube.com\/shorts\/DRIHMtugdaA?si=IZfSc0d2Nu7vRhpO\">https:\/\/youtube.com\/shorts\/DRIHMtugdaA?si=IZfSc0d2Nu7vRhpO<\/a><br><\/p>\n\n\n\n<hr class=\"wp-block-separator has-alpha-channel-opacity\"\/>\n\n\n\n<p>Ac\u00e1 te compartimos los enlaces de apps que tienen cuentos para descargar y leer en familia:<\/p>\n\n\n\n<p>Cuentos para descargar y leer de UNICEF<\/p>\n\n\n\n<p><a href=\"https:\/\/www.unicef.org\/chile\/media\/5111\/file\/Cuentos%20que%20cuidan%20.pdf\">https:\/\/www.unicef.org\/chile\/media\/5111\/file\/Cuentos%20que%20cuidan%20.pdf<\/a><\/p>\n\n\n\n<p>Cuentos narrados:<\/p>\n\n\n\n<p><a href=\"https:\/\/maguare.gov.co\/cuentos-narrados\">https:\/\/maguare.gov.co\/cuentos-narrados<\/a><\/p>\n\n\n\n<p><a href=\"https:\/\/librosnarrados.az.com.ar\">https:\/\/librosnarrados.az.com.ar<\/a><\/p>\n","protected":false},"excerpt":{"rendered":"<p>\ud83c\udfa5 \u00bfQu\u00e9 significa ense\u00f1ar a leer y escribir hoy?En este breve video, te invitamos a reflexionar sobre el verdadero sentido de la alfabetizaci\u00f3n en la infancia. Porque ense\u00f1ar a leer y escribir no es solo un objetivo escolar, sino un acto de acompa\u00f1amiento, de apertura al mundo y de construcci\u00f3n de sentidos. \ud83c\udf31 Desde Espacio<\/p>\n<div class=\"more-link\">\n             <a href=\"https:\/\/espaciodeinfancias.com.ar\/?page_id=759\" class=\"link-btn\"><span>Seguir leyendo <\/span><i class=\"icofont-thin-double-right\"><\/i><\/a>\n        <\/div>\n","protected":false},"author":1,"featured_media":0,"parent":0,"menu_order":0,"comment_status":"closed","ping_status":"closed","template":"","meta":{"footnotes":""},"class_list":["post-759","page","type-page","status-publish","hentry"],"_links":{"self":[{"href":"https:\/\/espaciodeinfancias.com.ar\/index.php?rest_route=\/wp\/v2\/pages\/759","targetHints":{"allow":["GET"]}}],"collection":[{"href":"https:\/\/espaciodeinfancias.com.ar\/index.php?rest_route=\/wp\/v2\/pages"}],"about":[{"href":"https:\/\/espaciodeinfancias.com.ar\/index.php?rest_route=\/wp\/v2\/types\/page"}],"author":[{"embeddable":true,"href":"https:\/\/espaciodeinfancias.com.ar\/index.php?rest_route=\/wp\/v2\/users\/1"}],"replies":[{"embeddable":true,"href":"https:\/\/espaciodeinfancias.com.ar\/index.php?rest_route=%2Fwp%2Fv2%2Fcomments&post=759"}],"version-history":[{"count":3,"href":"https:\/\/espaciodeinfancias.com.ar\/index.php?rest_route=\/wp\/v2\/pages\/759\/revisions"}],"predecessor-version":[{"id":763,"href":"https:\/\/espaciodeinfancias.com.ar\/index.php?rest_route=\/wp\/v2\/pages\/759\/revisions\/763"}],"wp:attachment":[{"href":"https:\/\/espaciodeinfancias.com.ar\/index.php?rest_route=%2Fwp%2Fv2%2Fmedia&parent=759"}],"curies":[{"name":"wp","href":"https:\/\/api.w.org\/{rel}","templated":true}]}}