{"id":775,"date":"2025-11-16T12:29:19","date_gmt":"2025-11-16T12:29:19","guid":{"rendered":"https:\/\/espaciodeinfancias.com.ar\/?page_id=775"},"modified":"2025-12-07T13:39:35","modified_gmt":"2025-12-07T13:39:35","slug":"servicio-de-consultoria-profesional","status":"publish","type":"page","link":"https:\/\/espaciodeinfancias.com.ar\/?page_id=775","title":{"rendered":"Servicio de Consultor\u00eda Profesional"},"content":{"rendered":"\n<div class=\"wp-block-media-text has-media-on-the-right is-stacked-on-mobile\" style=\"grid-template-columns:auto 35%\"><div class=\"wp-block-media-text__content\">\n<p><strong>Asesor\u00eda pedag\u00f3gica integral<\/strong><\/p>\n\n\n\n<p>Acompa\u00f1o a instituciones y equipos educativos en:<\/p>\n\n\n\n<ul class=\"wp-block-list\">\n<li>Dise\u00f1o e implementaci\u00f3n de proyectos institucionales.<\/li>\n\n\n\n<li>Revisi\u00f3n y fortalecimiento de pr\u00e1cticas de aula.<\/li>\n\n\n\n<li>Acompa\u00f1amiento especializado en <strong>alfabetizaci\u00f3n inicial y avanzada<\/strong>.<\/li>\n\n\n\n<li>Dise\u00f1o de propuestas did\u00e1cticas innovadoras.<\/li>\n\n\n\n<li>Estrategias para la inclusi\u00f3n, diversidad e intervenci\u00f3n en las distintas trayectorias.<\/li>\n\n\n\n<li>Formaci\u00f3n y capacitaci\u00f3n de equipos docentes.<\/li>\n\n\n\n<li>Evaluaci\u00f3n pedag\u00f3gica y mejora continua.<\/li>\n<\/ul>\n\n\n\n<p>Mi mirada combina sensibilidad institucional, perspectiva actualizada y herramientas concretas aplicables a distintos contextos educativos.<\/p>\n\n\n\n<hr class=\"wp-block-separator has-alpha-channel-opacity\"\/>\n\n\n\n<h2 class=\"wp-block-heading\"><strong>Divulgaci\u00f3n y recursos para la alfabetizaci\u00f3n<\/strong><\/h2>\n\n\n\n<p>Adem\u00e1s de la consultor\u00eda t\u00e9cnica, desarrollo materiales, talleres y espacios de formaci\u00f3n orientados a enriquecer los procesos de lectura y escritura. Como divulgadora, acerco recursos claros, actuales y accesibles que facilitan la tarea de docentes y coordinadores en todos los niveles.<\/p>\n\n\n\n<p>Ofrezco:<\/p>\n\n\n\n<ul class=\"wp-block-list\">\n<li>Talleres tem\u00e1ticos para equipos docentes.<\/li>\n\n\n\n<li>Charlas y formaciones a medida.<\/li>\n\n\n\n<li>Materiales y recursos para alfabetizaci\u00f3n.<\/li>\n\n\n\n<li>Acompa\u00f1amiento en la planificaci\u00f3n did\u00e1ctica.<\/li>\n<\/ul>\n\n\n\n<hr class=\"wp-block-separator has-alpha-channel-opacity\"\/>\n<\/div><figure class=\"wp-block-media-text__media\"><img loading=\"lazy\" decoding=\"async\" width=\"516\" height=\"1024\" src=\"https:\/\/espaciodeinfancias.com.ar\/wp-content\/uploads\/2025\/12\/WhatsApp-Image-2025-12-05-at-20.00.35-1-516x1024.jpg\" alt=\"\" class=\"wp-image-799 size-medium\" srcset=\"https:\/\/espaciodeinfancias.com.ar\/wp-content\/uploads\/2025\/12\/WhatsApp-Image-2025-12-05-at-20.00.35-1-516x1024.jpg 516w, https:\/\/espaciodeinfancias.com.ar\/wp-content\/uploads\/2025\/12\/WhatsApp-Image-2025-12-05-at-20.00.35-1-151x300.jpg 151w, https:\/\/espaciodeinfancias.com.ar\/wp-content\/uploads\/2025\/12\/WhatsApp-Image-2025-12-05-at-20.00.35-1-50x100.jpg 50w, https:\/\/espaciodeinfancias.com.ar\/wp-content\/uploads\/2025\/12\/WhatsApp-Image-2025-12-05-at-20.00.35-1.jpg 565w\" sizes=\"auto, (max-width: 516px) 100vw, 516px\" \/><\/figure><\/div>\n","protected":false},"excerpt":{"rendered":"","protected":false},"author":1,"featured_media":0,"parent":0,"menu_order":0,"comment_status":"closed","ping_status":"closed","template":"","meta":{"footnotes":""},"class_list":["post-775","page","type-page","status-publish","hentry"],"_links":{"self":[{"href":"https:\/\/espaciodeinfancias.com.ar\/index.php?rest_route=\/wp\/v2\/pages\/775","targetHints":{"allow":["GET"]}}],"collection":[{"href":"https:\/\/espaciodeinfancias.com.ar\/index.php?rest_route=\/wp\/v2\/pages"}],"about":[{"href":"https:\/\/espaciodeinfancias.com.ar\/index.php?rest_route=\/wp\/v2\/types\/page"}],"author":[{"embeddable":true,"href":"https:\/\/espaciodeinfancias.com.ar\/index.php?rest_route=\/wp\/v2\/users\/1"}],"replies":[{"embeddable":true,"href":"https:\/\/espaciodeinfancias.com.ar\/index.php?rest_route=%2Fwp%2Fv2%2Fcomments&post=775"}],"version-history":[{"count":5,"href":"https:\/\/espaciodeinfancias.com.ar\/index.php?rest_route=\/wp\/v2\/pages\/775\/revisions"}],"predecessor-version":[{"id":800,"href":"https:\/\/espaciodeinfancias.com.ar\/index.php?rest_route=\/wp\/v2\/pages\/775\/revisions\/800"}],"wp:attachment":[{"href":"https:\/\/espaciodeinfancias.com.ar\/index.php?rest_route=%2Fwp%2Fv2%2Fmedia&parent=775"}],"curies":[{"name":"wp","href":"https:\/\/api.w.org\/{rel}","templated":true}]}}