{"id":183,"date":"2023-04-12T18:13:07","date_gmt":"2023-04-12T18:13:07","guid":{"rendered":"https:\/\/espaciodeinfancias.com.ar\/?post_type=product&#038;p=183"},"modified":"2025-04-13T22:09:04","modified_gmt":"2025-04-13T22:09:04","slug":"ta-te-ti","status":"publish","type":"product","link":"https:\/\/espaciodeinfancias.com.ar\/?product=ta-te-ti","title":{"rendered":"Ta-Te-Ti"},"content":{"rendered":"<p>Contiene 6 fichas de madera maciza al natural sin productos aplicados que vienen en bolsa de lienzo de algod\u00f3n estampada para guardarlas y usar de tablero.<\/p>\n<p>Un juego para compartir en familia, entre amigos, en vacaciones y dias de invierno.<\/p>\n<p>Un juego para pensar, divertirse y compartir momentos. Ideal para regalitos de cumplea\u00f1os infantiles, para llevar en la cartera, para salas de espera,\u00a0para grandes y chicos!<\/p>\n<p>Todas las pinturas utilizadas tanto en las piezas de madera como en las bolsitas son al agua, no t\u00f3xicas, aptas para manipulaci\u00f3n de los ni\u00f1os y NO contaminan el planeta.<br \/>\nMaterial ideal para incorporar en pedagog\u00edas Waldorf y Montessori y sumar tu granito de juego en casa.<\/p>\n","protected":false},"excerpt":{"rendered":"<p>Material ideal para incoorporar en pedagog\u00edas Waldorf y Montessori y sumar tu granito de juego en casa.<\/p>\n","protected":false},"featured_media":184,"comment_status":"open","ping_status":"closed","template":"","meta":[],"product_brand":[],"product_cat":[19],"product_tag":[],"class_list":{"0":"post-183","1":"product","2":"type-product","3":"status-publish","4":"has-post-thumbnail","6":"product_cat-juguetes-y-recursos","7":"post","9":"first","10":"instock","11":"shipping-taxable","12":"purchasable","13":"product-type-simple"},"_links":{"self":[{"href":"https:\/\/espaciodeinfancias.com.ar\/index.php?rest_route=\/wp\/v2\/product\/183","targetHints":{"allow":["GET"]}}],"collection":[{"href":"https:\/\/espaciodeinfancias.com.ar\/index.php?rest_route=\/wp\/v2\/product"}],"about":[{"href":"https:\/\/espaciodeinfancias.com.ar\/index.php?rest_route=\/wp\/v2\/types\/product"}],"replies":[{"embeddable":true,"href":"https:\/\/espaciodeinfancias.com.ar\/index.php?rest_route=%2Fwp%2Fv2%2Fcomments&post=183"}],"wp:featuredmedia":[{"embeddable":true,"href":"https:\/\/espaciodeinfancias.com.ar\/index.php?rest_route=\/wp\/v2\/media\/184"}],"wp:attachment":[{"href":"https:\/\/espaciodeinfancias.com.ar\/index.php?rest_route=%2Fwp%2Fv2%2Fmedia&parent=183"}],"wp:term":[{"taxonomy":"product_brand","embeddable":true,"href":"https:\/\/espaciodeinfancias.com.ar\/index.php?rest_route=%2Fwp%2Fv2%2Fproduct_brand&post=183"},{"taxonomy":"product_cat","embeddable":true,"href":"https:\/\/espaciodeinfancias.com.ar\/index.php?rest_route=%2Fwp%2Fv2%2Fproduct_cat&post=183"},{"taxonomy":"product_tag","embeddable":true,"href":"https:\/\/espaciodeinfancias.com.ar\/index.php?rest_route=%2Fwp%2Fv2%2Fproduct_tag&post=183"}],"curies":[{"name":"wp","href":"https:\/\/api.w.org\/{rel}","templated":true}]}}