{"id":186,"date":"2023-04-12T18:31:25","date_gmt":"2023-04-12T18:31:25","guid":{"rendered":"https:\/\/espaciodeinfancias.com.ar\/?post_type=product&#038;p=186"},"modified":"2026-01-14T21:38:37","modified_gmt":"2026-01-14T21:38:37","slug":"santino-y-su-gato","status":"publish","type":"product","link":"https:\/\/espaciodeinfancias.com.ar\/?product=santino-y-su-gato","title":{"rendered":"Santino y su gato"},"content":{"rendered":"<p>Tapa flexible\/ papel ilustraci\u00f3n full color<\/p>\n<table class=\"woocommerce-product-attributes shop_attributes\">\n<tbody>\n<tr class=\"woocommerce-product-attributes-item woocommerce-product-attributes-item--weight\">\n<th class=\"woocommerce-product-attributes-item__label\">Peso<\/th>\n<td class=\"woocommerce-product-attributes-item__value\">78 g<\/td>\n<\/tr>\n<tr class=\"woocommerce-product-attributes-item woocommerce-product-attributes-item--dimensions\">\n<th class=\"woocommerce-product-attributes-item__label\">Dimensiones<\/th>\n<td class=\"woocommerce-product-attributes-item__value\">19,5 \u00d7 19,5 \u00d7 0,5 cm<\/td>\n<\/tr>\n<\/tbody>\n<\/table>\n<p>Todo comenz\u00f3 una ma\u00f1ana en la que Santino paseaba en su triciclo y encontr\u00f3 un gatito implorando auxilio en la calle. Al verlo tan indefenso, se lo llev\u00f3 con \u00e9l. \u00bfDejar\u00e1 su mam\u00e1 que lo adopte como mascota?<\/p>\n","protected":false},"excerpt":{"rendered":"<p>Tapa flexible\/ papel ilustraci\u00f3n full color Peso 78 g Dimensiones 19,5 \u00d7 19,5 \u00d7 0,5 cm Todo comenz\u00f3 una ma\u00f1ana en la que Santino paseaba en su triciclo y encontr\u00f3 un gatito implorando auxilio en la calle. Al verlo tan indefenso, se lo llev\u00f3 con \u00e9l. \u00bfDejar\u00e1 su mam\u00e1 que lo adopte como mascota?<\/p>\n","protected":false},"featured_media":187,"comment_status":"open","ping_status":"closed","template":"","meta":[],"product_brand":[],"product_cat":[17,22],"product_tag":[],"class_list":{"0":"post-186","1":"product","2":"type-product","3":"status-publish","4":"has-post-thumbnail","6":"product_cat-literatura","7":"product_cat-libros","8":"post","10":"first","11":"outofstock","12":"shipping-taxable","13":"purchasable","14":"product-type-simple"},"_links":{"self":[{"href":"https:\/\/espaciodeinfancias.com.ar\/index.php?rest_route=\/wp\/v2\/product\/186","targetHints":{"allow":["GET"]}}],"collection":[{"href":"https:\/\/espaciodeinfancias.com.ar\/index.php?rest_route=\/wp\/v2\/product"}],"about":[{"href":"https:\/\/espaciodeinfancias.com.ar\/index.php?rest_route=\/wp\/v2\/types\/product"}],"replies":[{"embeddable":true,"href":"https:\/\/espaciodeinfancias.com.ar\/index.php?rest_route=%2Fwp%2Fv2%2Fcomments&post=186"}],"wp:featuredmedia":[{"embeddable":true,"href":"https:\/\/espaciodeinfancias.com.ar\/index.php?rest_route=\/wp\/v2\/media\/187"}],"wp:attachment":[{"href":"https:\/\/espaciodeinfancias.com.ar\/index.php?rest_route=%2Fwp%2Fv2%2Fmedia&parent=186"}],"wp:term":[{"taxonomy":"product_brand","embeddable":true,"href":"https:\/\/espaciodeinfancias.com.ar\/index.php?rest_route=%2Fwp%2Fv2%2Fproduct_brand&post=186"},{"taxonomy":"product_cat","embeddable":true,"href":"https:\/\/espaciodeinfancias.com.ar\/index.php?rest_route=%2Fwp%2Fv2%2Fproduct_cat&post=186"},{"taxonomy":"product_tag","embeddable":true,"href":"https:\/\/espaciodeinfancias.com.ar\/index.php?rest_route=%2Fwp%2Fv2%2Fproduct_tag&post=186"}],"curies":[{"name":"wp","href":"https:\/\/api.w.org\/{rel}","templated":true}]}}