{"id":227,"date":"2023-04-14T19:49:18","date_gmt":"2023-04-14T19:49:18","guid":{"rendered":"https:\/\/espaciodeinfancias.com.ar\/?post_type=product&#038;p=227"},"modified":"2025-01-26T21:25:51","modified_gmt":"2025-01-26T21:25:51","slug":"masas-sensoriales-2","status":"publish","type":"product","link":"https:\/\/espaciodeinfancias.com.ar\/?product=masas-sensoriales-2","title":{"rendered":"Masas Sensoriales"},"content":{"rendered":"<p>Kit masas sensoriales + cortante.<\/p>\n<p>Ayuda a la estimulaci\u00f3n temprana.<\/p>\n<p>Apta para ni\u00f1os bajo supervisi\u00f3n adulta.<\/p>\n<p>El precio es por unidad<\/p>\n","protected":false},"excerpt":{"rendered":"<p>Kit masas sensoriales + cortante. Ayuda a la estimulaci\u00f3n temprana. Apta para ni\u00f1os bajo supervisi\u00f3n adulta. El precio es por unidad<\/p>\n","protected":false},"featured_media":228,"comment_status":"open","ping_status":"closed","template":"","meta":[],"product_brand":[],"product_cat":[19],"product_tag":[],"class_list":{"0":"post-227","1":"product","2":"type-product","3":"status-publish","4":"has-post-thumbnail","6":"product_cat-juguetes-y-recursos","7":"post","9":"first","10":"outofstock","11":"shipping-taxable","12":"purchasable","13":"product-type-simple"},"_links":{"self":[{"href":"https:\/\/espaciodeinfancias.com.ar\/index.php?rest_route=\/wp\/v2\/product\/227","targetHints":{"allow":["GET"]}}],"collection":[{"href":"https:\/\/espaciodeinfancias.com.ar\/index.php?rest_route=\/wp\/v2\/product"}],"about":[{"href":"https:\/\/espaciodeinfancias.com.ar\/index.php?rest_route=\/wp\/v2\/types\/product"}],"replies":[{"embeddable":true,"href":"https:\/\/espaciodeinfancias.com.ar\/index.php?rest_route=%2Fwp%2Fv2%2Fcomments&post=227"}],"wp:featuredmedia":[{"embeddable":true,"href":"https:\/\/espaciodeinfancias.com.ar\/index.php?rest_route=\/wp\/v2\/media\/228"}],"wp:attachment":[{"href":"https:\/\/espaciodeinfancias.com.ar\/index.php?rest_route=%2Fwp%2Fv2%2Fmedia&parent=227"}],"wp:term":[{"taxonomy":"product_brand","embeddable":true,"href":"https:\/\/espaciodeinfancias.com.ar\/index.php?rest_route=%2Fwp%2Fv2%2Fproduct_brand&post=227"},{"taxonomy":"product_cat","embeddable":true,"href":"https:\/\/espaciodeinfancias.com.ar\/index.php?rest_route=%2Fwp%2Fv2%2Fproduct_cat&post=227"},{"taxonomy":"product_tag","embeddable":true,"href":"https:\/\/espaciodeinfancias.com.ar\/index.php?rest_route=%2Fwp%2Fv2%2Fproduct_tag&post=227"}],"curies":[{"name":"wp","href":"https:\/\/api.w.org\/{rel}","templated":true}]}}