{"id":266,"date":"2023-04-22T22:51:51","date_gmt":"2023-04-22T22:51:51","guid":{"rendered":"https:\/\/espaciodeinfancias.com.ar\/?post_type=product&#038;p=266"},"modified":"2025-01-26T00:27:44","modified_gmt":"2025-01-26T00:27:44","slug":"pack-lecto-promo-digital","status":"publish","type":"product","link":"https:\/\/espaciodeinfancias.com.ar\/?product=pack-lecto-promo-digital","title":{"rendered":"Pack lecto PROMO (Digital)"},"content":{"rendered":"<p>Pack Promo Digital<\/p>\n<p>Tiempo Limitado<\/p>\n<p>Material descargable e imprimible.<\/p>\n<p>Protegido por Derechos de Autor.<\/p>\n","protected":false},"excerpt":{"rendered":"<p>Cada cuadernillo contiene desde 25 a 40 p\u00e1ginas aprox.<\/p>\n<p>Est\u00e1n pensados para un proceso de alfabetizaci\u00f3n con edad sugerida desde los 4 a\u00f1os.<\/p>\n<p>\u00bfse puede utilizar en edades de 5, 6 y 7 a\u00f1os? S\u00ed<\/p>\n<p>Contiene actividades para desarrollar estimulando el proceso alfabetizador.<\/p>\n","protected":false},"featured_media":351,"comment_status":"open","ping_status":"closed","template":"","meta":[],"product_brand":[],"product_cat":[17,22],"product_tag":[],"class_list":{"0":"post-266","1":"product","2":"type-product","3":"status-publish","4":"has-post-thumbnail","6":"product_cat-literatura","7":"product_cat-libros","8":"post","10":"first","11":"outofstock","12":"sale","13":"downloadable","14":"shipping-taxable","15":"purchasable","16":"product-type-simple"},"_links":{"self":[{"href":"https:\/\/espaciodeinfancias.com.ar\/index.php?rest_route=\/wp\/v2\/product\/266","targetHints":{"allow":["GET"]}}],"collection":[{"href":"https:\/\/espaciodeinfancias.com.ar\/index.php?rest_route=\/wp\/v2\/product"}],"about":[{"href":"https:\/\/espaciodeinfancias.com.ar\/index.php?rest_route=\/wp\/v2\/types\/product"}],"replies":[{"embeddable":true,"href":"https:\/\/espaciodeinfancias.com.ar\/index.php?rest_route=%2Fwp%2Fv2%2Fcomments&post=266"}],"wp:featuredmedia":[{"embeddable":true,"href":"https:\/\/espaciodeinfancias.com.ar\/index.php?rest_route=\/wp\/v2\/media\/351"}],"wp:attachment":[{"href":"https:\/\/espaciodeinfancias.com.ar\/index.php?rest_route=%2Fwp%2Fv2%2Fmedia&parent=266"}],"wp:term":[{"taxonomy":"product_brand","embeddable":true,"href":"https:\/\/espaciodeinfancias.com.ar\/index.php?rest_route=%2Fwp%2Fv2%2Fproduct_brand&post=266"},{"taxonomy":"product_cat","embeddable":true,"href":"https:\/\/espaciodeinfancias.com.ar\/index.php?rest_route=%2Fwp%2Fv2%2Fproduct_cat&post=266"},{"taxonomy":"product_tag","embeddable":true,"href":"https:\/\/espaciodeinfancias.com.ar\/index.php?rest_route=%2Fwp%2Fv2%2Fproduct_tag&post=266"}],"curies":[{"name":"wp","href":"https:\/\/api.w.org\/{rel}","templated":true}]}}