{"id":388,"date":"2023-08-01T23:19:12","date_gmt":"2023-08-01T23:19:12","guid":{"rendered":"https:\/\/espaciodeinfancias.com.ar\/?post_type=product&#038;p=388"},"modified":"2025-04-13T22:06:44","modified_gmt":"2025-04-13T22:06:44","slug":"combo-imprimible","status":"publish","type":"product","link":"https:\/\/espaciodeinfancias.com.ar\/?product=combo-imprimible","title":{"rendered":"Combo Imprimible"},"content":{"rendered":"<p>Contiene:<br \/>\n1 archivo PDF abecedario imprenta may\u00fascula con referencia visual.<br \/>\n1 archivo PDF abecedario imprenta min\u00fascula con referencia visual.<br \/>\n1 archivo PDF con tablero juego veo veo (trabajo con vocales)<br \/>\n1 archivo PDF bander\u00edn vocales con referencia visual.<br \/>\nExtra: Cuadernillo actividades Imprenta min\u00fascula.<br \/>\nIMPORTANTE:<br \/>\n&#8211; No es un producto f\u00edsico \/ ES DIGITAL !!!<br \/>\n&#8211; Una vez realizada la compra se env\u00eda el producto por mensajer\u00eda interna del sitio o por correo electronico.<\/p>\n","protected":false},"excerpt":{"rendered":"<p>Contiene: 1 archivo PDF abecedario imprenta may\u00fascula con referencia visual. 1 archivo PDF abecedario imprenta min\u00fascula con referencia visual. 1 archivo PDF con tablero juego veo veo (trabajo con vocales) 1 archivo PDF bander\u00edn vocales con referencia visual. Extra: Cuadernillo actividades Imprenta min\u00fascula. IMPORTANTE: &#8211; No es un producto f\u00edsico \/ ES DIGITAL !!! &#8211;<\/p>\n<div class=\"more-link\">\n             <a href=\"https:\/\/espaciodeinfancias.com.ar\/?product=combo-imprimible\" class=\"link-btn\"><span>Seguir leyendo <\/span><i class=\"icofont-thin-double-right\"><\/i><\/a>\n        <\/div>\n","protected":false},"featured_media":389,"comment_status":"closed","ping_status":"closed","template":"","meta":[],"product_brand":[],"product_cat":[34],"product_tag":[],"class_list":{"0":"post-388","1":"product","2":"type-product","3":"status-publish","4":"has-post-thumbnail","6":"product_cat-imprimibles","7":"post","9":"first","10":"outofstock","11":"sale","12":"virtual","13":"purchasable","14":"product-type-simple"},"_links":{"self":[{"href":"https:\/\/espaciodeinfancias.com.ar\/index.php?rest_route=\/wp\/v2\/product\/388","targetHints":{"allow":["GET"]}}],"collection":[{"href":"https:\/\/espaciodeinfancias.com.ar\/index.php?rest_route=\/wp\/v2\/product"}],"about":[{"href":"https:\/\/espaciodeinfancias.com.ar\/index.php?rest_route=\/wp\/v2\/types\/product"}],"replies":[{"embeddable":true,"href":"https:\/\/espaciodeinfancias.com.ar\/index.php?rest_route=%2Fwp%2Fv2%2Fcomments&post=388"}],"wp:featuredmedia":[{"embeddable":true,"href":"https:\/\/espaciodeinfancias.com.ar\/index.php?rest_route=\/wp\/v2\/media\/389"}],"wp:attachment":[{"href":"https:\/\/espaciodeinfancias.com.ar\/index.php?rest_route=%2Fwp%2Fv2%2Fmedia&parent=388"}],"wp:term":[{"taxonomy":"product_brand","embeddable":true,"href":"https:\/\/espaciodeinfancias.com.ar\/index.php?rest_route=%2Fwp%2Fv2%2Fproduct_brand&post=388"},{"taxonomy":"product_cat","embeddable":true,"href":"https:\/\/espaciodeinfancias.com.ar\/index.php?rest_route=%2Fwp%2Fv2%2Fproduct_cat&post=388"},{"taxonomy":"product_tag","embeddable":true,"href":"https:\/\/espaciodeinfancias.com.ar\/index.php?rest_route=%2Fwp%2Fv2%2Fproduct_tag&post=388"}],"curies":[{"name":"wp","href":"https:\/\/api.w.org\/{rel}","templated":true}]}}