{"id":397,"date":"2023-08-06T22:50:57","date_gmt":"2023-08-06T22:50:57","guid":{"rendered":"https:\/\/espaciodeinfancias.com.ar\/?post_type=product&#038;p=397"},"modified":"2025-04-13T22:06:21","modified_gmt":"2025-04-13T22:06:21","slug":"banderin-numercico-1-10","status":"publish","type":"product","link":"https:\/\/espaciodeinfancias.com.ar\/?product=banderin-numercico-1-10","title":{"rendered":"Bander\u00edn num\u00e9rcico 1-10 (imprimible)"},"content":{"rendered":"<p>Banda num\u00e9rica 1-10<\/p>\n<p>Referencia visual (conteo) ilustrado<\/p>\n<p>Formato PDF<\/p>\n<p>Atenci\u00f3n: No es un producto f\u00edsico, es digital.<\/p>\n","protected":false},"excerpt":{"rendered":"<p>Una vez efectuada la compra se enviar\u00e1 el archivo en formato PDF al mail del comprador.<\/p>\n","protected":false},"featured_media":398,"comment_status":"closed","ping_status":"closed","template":"","meta":[],"product_brand":[],"product_cat":[34],"product_tag":[],"class_list":{"0":"post-397","1":"product","2":"type-product","3":"status-publish","4":"has-post-thumbnail","6":"product_cat-imprimibles","7":"post","9":"first","10":"instock","11":"sale","12":"virtual","13":"purchasable","14":"product-type-simple"},"_links":{"self":[{"href":"https:\/\/espaciodeinfancias.com.ar\/index.php?rest_route=\/wp\/v2\/product\/397","targetHints":{"allow":["GET"]}}],"collection":[{"href":"https:\/\/espaciodeinfancias.com.ar\/index.php?rest_route=\/wp\/v2\/product"}],"about":[{"href":"https:\/\/espaciodeinfancias.com.ar\/index.php?rest_route=\/wp\/v2\/types\/product"}],"replies":[{"embeddable":true,"href":"https:\/\/espaciodeinfancias.com.ar\/index.php?rest_route=%2Fwp%2Fv2%2Fcomments&post=397"}],"wp:featuredmedia":[{"embeddable":true,"href":"https:\/\/espaciodeinfancias.com.ar\/index.php?rest_route=\/wp\/v2\/media\/398"}],"wp:attachment":[{"href":"https:\/\/espaciodeinfancias.com.ar\/index.php?rest_route=%2Fwp%2Fv2%2Fmedia&parent=397"}],"wp:term":[{"taxonomy":"product_brand","embeddable":true,"href":"https:\/\/espaciodeinfancias.com.ar\/index.php?rest_route=%2Fwp%2Fv2%2Fproduct_brand&post=397"},{"taxonomy":"product_cat","embeddable":true,"href":"https:\/\/espaciodeinfancias.com.ar\/index.php?rest_route=%2Fwp%2Fv2%2Fproduct_cat&post=397"},{"taxonomy":"product_tag","embeddable":true,"href":"https:\/\/espaciodeinfancias.com.ar\/index.php?rest_route=%2Fwp%2Fv2%2Fproduct_tag&post=397"}],"curies":[{"name":"wp","href":"https:\/\/api.w.org\/{rel}","templated":true}]}}