{"id":460,"date":"2023-11-30T11:49:43","date_gmt":"2023-11-30T11:49:43","guid":{"rendered":"https:\/\/espaciodeinfancias.com.ar\/?post_type=product&#038;p=460"},"modified":"2026-01-14T22:01:26","modified_gmt":"2026-01-14T22:01:26","slug":"orejas-negras-nelvy-bustamante","status":"publish","type":"product","link":"https:\/\/espaciodeinfancias.com.ar\/?product=orejas-negras-nelvy-bustamante","title":{"rendered":"Orejas Negras (Nelvy Bustamante)"},"content":{"rendered":"<p><em>Orejas Negras<\/em>,\u00a0<em>orejas<\/em>\u00a0blancas.\u00a0<em>Nelvy<\/em> Bustamante Ilustrado por Claudia Degliuomini Colecci\u00f3n Primeras Letras 36 p\u00e1ginas a todo color. Imprenta may\u00fascula.<\/p>\n<p>El bicher\u00edo que nos regala Nelvy Bustamante se junta cerca del r\u00edo, de la espuma, de las piedras y de noche iluminados por la luna como a pleno sol\u2026para tejer bellos poemas ilustrados por Claudia Degliuomini con trazos redondos, colores pasteles y contrastes marcados. A medida que el lector se apropia de sus p\u00e1ginas siente la musicalidad y el despertar de los sentidos encontr\u00e1ndose con criaturas de diferentes tama\u00f1os.<br \/>\nDesde un cocodrilo a una oruga, desde una chivita a un caracol, desde una hormiga a un drag\u00f3n invitan a peque\u00f1os y j\u00f3venes lectores a animarse a explorar y desarrollar la sensibilidad que les brinda la poes\u00eda.<br \/>\nEs la poes\u00eda un g\u00e9nero que invita al mediador a seguir tendiendo puentes para descubrir nuevos mundos libres de ataduras<\/p>\n","protected":false},"excerpt":{"rendered":"<p>Orejas Negras,\u00a0orejas\u00a0blancas.\u00a0Nelvy Bustamante Ilustrado por Claudia Degliuomini Colecci\u00f3n Primeras Letras 36 p\u00e1ginas a todo color. Imprenta may\u00fascula. El bicher\u00edo que nos regala Nelvy Bustamante se junta cerca del r\u00edo, de la espuma, de las piedras y de noche iluminados por la luna como a pleno sol\u2026para tejer bellos poemas ilustrados por Claudia Degliuomini con trazos<\/p>\n<div class=\"more-link\">\n             <a href=\"https:\/\/espaciodeinfancias.com.ar\/?product=orejas-negras-nelvy-bustamante\" class=\"link-btn\"><span>Seguir leyendo <\/span><i class=\"icofont-thin-double-right\"><\/i><\/a>\n        <\/div>\n","protected":false},"featured_media":463,"comment_status":"closed","ping_status":"closed","template":"","meta":[],"product_brand":[],"product_cat":[17,22],"product_tag":[],"class_list":{"0":"post-460","1":"product","2":"type-product","3":"status-publish","4":"has-post-thumbnail","6":"product_cat-literatura","7":"product_cat-libros","8":"post","10":"first","11":"outofstock","12":"sale","13":"shipping-taxable","14":"purchasable","15":"product-type-simple"},"_links":{"self":[{"href":"https:\/\/espaciodeinfancias.com.ar\/index.php?rest_route=\/wp\/v2\/product\/460","targetHints":{"allow":["GET"]}}],"collection":[{"href":"https:\/\/espaciodeinfancias.com.ar\/index.php?rest_route=\/wp\/v2\/product"}],"about":[{"href":"https:\/\/espaciodeinfancias.com.ar\/index.php?rest_route=\/wp\/v2\/types\/product"}],"replies":[{"embeddable":true,"href":"https:\/\/espaciodeinfancias.com.ar\/index.php?rest_route=%2Fwp%2Fv2%2Fcomments&post=460"}],"wp:featuredmedia":[{"embeddable":true,"href":"https:\/\/espaciodeinfancias.com.ar\/index.php?rest_route=\/wp\/v2\/media\/463"}],"wp:attachment":[{"href":"https:\/\/espaciodeinfancias.com.ar\/index.php?rest_route=%2Fwp%2Fv2%2Fmedia&parent=460"}],"wp:term":[{"taxonomy":"product_brand","embeddable":true,"href":"https:\/\/espaciodeinfancias.com.ar\/index.php?rest_route=%2Fwp%2Fv2%2Fproduct_brand&post=460"},{"taxonomy":"product_cat","embeddable":true,"href":"https:\/\/espaciodeinfancias.com.ar\/index.php?rest_route=%2Fwp%2Fv2%2Fproduct_cat&post=460"},{"taxonomy":"product_tag","embeddable":true,"href":"https:\/\/espaciodeinfancias.com.ar\/index.php?rest_route=%2Fwp%2Fv2%2Fproduct_tag&post=460"}],"curies":[{"name":"wp","href":"https:\/\/api.w.org\/{rel}","templated":true}]}}