{"id":464,"date":"2023-11-30T11:59:01","date_gmt":"2023-11-30T11:59:01","guid":{"rendered":"https:\/\/espaciodeinfancias.com.ar\/?post_type=product&#038;p=464"},"modified":"2026-01-14T21:37:01","modified_gmt":"2026-01-14T21:37:01","slug":"orff-el-vuelo-del-dragon","status":"publish","type":"product","link":"https:\/\/espaciodeinfancias.com.ar\/?product=orff-el-vuelo-del-dragon","title":{"rendered":"ORFF El vuelo del drag\u00f3n"},"content":{"rendered":"<dl class=\"dl-horizontal\">\n<dt>T\u00edtulo:<\/dt>\n<dd>El vuelo del drag\u00f3n<\/dd>\n<dt>Autores:<\/dt>\n<dd>Mario M\u00e9ndez<\/dd>\n<dt><\/dt>\n<dt>Ilustradores:<\/dt>\n<dd>Lucas Nine<\/dd>\n<dt>ISBN:<\/dt>\n<dd>9789504643302<\/dd>\n<dt>Medidas:<\/dt>\n<dd>13,5 x 20<\/dd>\n<dt>P\u00e1ginas (n\u00famero): 112\u00a0p\u00e1gs.<\/dt>\n<dt>Soporte: Papel<\/dt>\n<dd>Edad: +8<\/dd>\n<\/dl>\n<dl class=\"dl-horizontal\">\n<dd><\/dd>\n<\/dl>\n","protected":false},"excerpt":{"rendered":"<p>El libro re\u00fane una serie de aventuras protagonizadas por Orff, un drag\u00f3n tan enorme como tierno que se caracteriza por su especial sensibilidad hacia los sonidos y su irrenunciable ingesta diaria de tr\u00e9boles. A lo largo del libro ir\u00e1 viviendo una serie de aventuras propias de los cuentos tradicionales donde duendes, peque\u00f1as aldeas, y amores prohibidos se conjugan con la magia de los relatos maravillosos. Orff debe ganar su lugar en el mundo batallando contra la intolerancia y la injusticia.<\/p>\n","protected":false},"featured_media":465,"comment_status":"closed","ping_status":"closed","template":"","meta":[],"product_brand":[],"product_cat":[17,22],"product_tag":[],"class_list":{"0":"post-464","1":"product","2":"type-product","3":"status-publish","4":"has-post-thumbnail","6":"product_cat-literatura","7":"product_cat-libros","8":"product_shipping_class-literatura","9":"post","11":"first","12":"outofstock","13":"shipping-taxable","14":"purchasable","15":"product-type-simple"},"_links":{"self":[{"href":"https:\/\/espaciodeinfancias.com.ar\/index.php?rest_route=\/wp\/v2\/product\/464","targetHints":{"allow":["GET"]}}],"collection":[{"href":"https:\/\/espaciodeinfancias.com.ar\/index.php?rest_route=\/wp\/v2\/product"}],"about":[{"href":"https:\/\/espaciodeinfancias.com.ar\/index.php?rest_route=\/wp\/v2\/types\/product"}],"replies":[{"embeddable":true,"href":"https:\/\/espaciodeinfancias.com.ar\/index.php?rest_route=%2Fwp%2Fv2%2Fcomments&post=464"}],"wp:featuredmedia":[{"embeddable":true,"href":"https:\/\/espaciodeinfancias.com.ar\/index.php?rest_route=\/wp\/v2\/media\/465"}],"wp:attachment":[{"href":"https:\/\/espaciodeinfancias.com.ar\/index.php?rest_route=%2Fwp%2Fv2%2Fmedia&parent=464"}],"wp:term":[{"taxonomy":"product_brand","embeddable":true,"href":"https:\/\/espaciodeinfancias.com.ar\/index.php?rest_route=%2Fwp%2Fv2%2Fproduct_brand&post=464"},{"taxonomy":"product_cat","embeddable":true,"href":"https:\/\/espaciodeinfancias.com.ar\/index.php?rest_route=%2Fwp%2Fv2%2Fproduct_cat&post=464"},{"taxonomy":"product_tag","embeddable":true,"href":"https:\/\/espaciodeinfancias.com.ar\/index.php?rest_route=%2Fwp%2Fv2%2Fproduct_tag&post=464"}],"curies":[{"name":"wp","href":"https:\/\/api.w.org\/{rel}","templated":true}]}}