{"id":501,"date":"2024-10-01T23:13:24","date_gmt":"2024-10-01T23:13:24","guid":{"rendered":"https:\/\/espaciodeinfancias.com.ar\/?post_type=product&#038;p=501"},"modified":"2026-01-14T21:36:43","modified_gmt":"2026-01-14T21:36:43","slug":"caja-literaria","status":"publish","type":"product","link":"https:\/\/espaciodeinfancias.com.ar\/?product=caja-literaria","title":{"rendered":"Caja Literaria"},"content":{"rendered":"<p>Cada mes hacemos una propuesta personalizada pensando en el recorrido lector de cada ni\u00f1a o ni\u00f1o.\u00a0 Adem\u00e1s, les enviamos con una gu\u00eda para que puedas acompa\u00f1ar la experiencia.<\/p>\n<p>&nbsp;<\/p>\n","protected":false},"excerpt":{"rendered":"<ul>\n<li>Una Caja Literaria Infantil personalizada.<\/li>\n<li>2 libros ilustrados.<\/li>\n<li>Cartita con propuestas de lectura para toda la familia.<\/li>\n<li>1 rompecabezas madera (+4)<\/li>\n<li>abecedario ilustrado de piezas de madera.<\/li>\n<li>kit de masas<\/li>\n<li>abecedario m\u00f3vil<\/li>\n<li>propuestas para acompa\u00f1ar la lectura.<\/li>\n<li>sorpresas m\u00e1gicas.<\/li>\n<\/ul>\n","protected":false},"featured_media":792,"comment_status":"closed","ping_status":"closed","template":"","meta":[],"product_brand":[],"product_cat":[17,22],"product_tag":[],"class_list":{"0":"post-501","1":"product","2":"type-product","3":"status-publish","4":"has-post-thumbnail","6":"product_cat-literatura","7":"product_cat-libros","8":"product_shipping_class-libros","9":"post","11":"first","12":"onbackorder","13":"shipping-taxable","14":"purchasable","15":"product-type-simple"},"_links":{"self":[{"href":"https:\/\/espaciodeinfancias.com.ar\/index.php?rest_route=\/wp\/v2\/product\/501","targetHints":{"allow":["GET"]}}],"collection":[{"href":"https:\/\/espaciodeinfancias.com.ar\/index.php?rest_route=\/wp\/v2\/product"}],"about":[{"href":"https:\/\/espaciodeinfancias.com.ar\/index.php?rest_route=\/wp\/v2\/types\/product"}],"replies":[{"embeddable":true,"href":"https:\/\/espaciodeinfancias.com.ar\/index.php?rest_route=%2Fwp%2Fv2%2Fcomments&post=501"}],"wp:featuredmedia":[{"embeddable":true,"href":"https:\/\/espaciodeinfancias.com.ar\/index.php?rest_route=\/wp\/v2\/media\/792"}],"wp:attachment":[{"href":"https:\/\/espaciodeinfancias.com.ar\/index.php?rest_route=%2Fwp%2Fv2%2Fmedia&parent=501"}],"wp:term":[{"taxonomy":"product_brand","embeddable":true,"href":"https:\/\/espaciodeinfancias.com.ar\/index.php?rest_route=%2Fwp%2Fv2%2Fproduct_brand&post=501"},{"taxonomy":"product_cat","embeddable":true,"href":"https:\/\/espaciodeinfancias.com.ar\/index.php?rest_route=%2Fwp%2Fv2%2Fproduct_cat&post=501"},{"taxonomy":"product_tag","embeddable":true,"href":"https:\/\/espaciodeinfancias.com.ar\/index.php?rest_route=%2Fwp%2Fv2%2Fproduct_tag&post=501"}],"curies":[{"name":"wp","href":"https:\/\/api.w.org\/{rel}","templated":true}]}}