{"id":505,"date":"2024-10-02T00:24:47","date_gmt":"2024-10-02T00:24:47","guid":{"rendered":"https:\/\/espaciodeinfancias.com.ar\/?post_type=product&#038;p=505"},"modified":"2026-01-14T22:01:14","modified_gmt":"2026-01-14T22:01:14","slug":"winnie-y-wilbur-la-bruja-winnie-korky-paul","status":"publish","type":"product","link":"https:\/\/espaciodeinfancias.com.ar\/?product=winnie-y-wilbur-la-bruja-winnie-korky-paul","title":{"rendered":"WINNIE Y WILBUR La bruja Winnie &#8211; KORKY PAUL"},"content":{"rendered":"<p dir=\"ltr\">La bruja Winnie viv\u00eda en una casa negra. Ten\u00eda el piso negro, las butacas negras, una cama negra con s\u00e1banas negras y cuadros negros colgados en las paredes. Hasta el cuarto de ba\u00f1o era negro. Por supuesto, su gato Wilbur tambi\u00e9n era negro. El \u00fanico problema era que Winnie no pod\u00eda verlo&#8230; Hasta que un d\u00eda, la brujita decidi\u00f3 hacer un poco de magia.<\/p>\n<p dir=\"ltr\">Autor: Valerie Thomas<\/p>\n<p dir=\"ltr\">Ilustracion: Korky Paul<\/p>\n<p dir=\"ltr\">Editorial Oc\u00e9ano<\/p>\n<p dir=\"ltr\">Isbn:\u00a09786075273853<\/p>\n","protected":false},"excerpt":{"rendered":"<p>La bruja Winnie viv\u00eda en una casa negra. Ten\u00eda el piso negro, las butacas negras, una cama negra con s\u00e1banas negras y cuadros negros colgados en las paredes. Hasta el cuarto de ba\u00f1o era negro. Por supuesto, su gato Wilbur tambi\u00e9n era negro. El \u00fanico problema era que Winnie no pod\u00eda verlo&#8230; Hasta que un<\/p>\n<div class=\"more-link\">\n             <a href=\"https:\/\/espaciodeinfancias.com.ar\/?product=winnie-y-wilbur-la-bruja-winnie-korky-paul\" class=\"link-btn\"><span>Seguir leyendo <\/span><i class=\"icofont-thin-double-right\"><\/i><\/a>\n        <\/div>\n","protected":false},"featured_media":506,"comment_status":"closed","ping_status":"closed","template":"","meta":[],"product_brand":[],"product_cat":[17,22],"product_tag":[],"class_list":{"0":"post-505","1":"product","2":"type-product","3":"status-publish","4":"has-post-thumbnail","6":"product_cat-literatura","7":"product_cat-libros","8":"product_shipping_class-literatura","9":"post","11":"first","12":"outofstock","13":"shipping-taxable","14":"purchasable","15":"product-type-simple"},"_links":{"self":[{"href":"https:\/\/espaciodeinfancias.com.ar\/index.php?rest_route=\/wp\/v2\/product\/505","targetHints":{"allow":["GET"]}}],"collection":[{"href":"https:\/\/espaciodeinfancias.com.ar\/index.php?rest_route=\/wp\/v2\/product"}],"about":[{"href":"https:\/\/espaciodeinfancias.com.ar\/index.php?rest_route=\/wp\/v2\/types\/product"}],"replies":[{"embeddable":true,"href":"https:\/\/espaciodeinfancias.com.ar\/index.php?rest_route=%2Fwp%2Fv2%2Fcomments&post=505"}],"wp:featuredmedia":[{"embeddable":true,"href":"https:\/\/espaciodeinfancias.com.ar\/index.php?rest_route=\/wp\/v2\/media\/506"}],"wp:attachment":[{"href":"https:\/\/espaciodeinfancias.com.ar\/index.php?rest_route=%2Fwp%2Fv2%2Fmedia&parent=505"}],"wp:term":[{"taxonomy":"product_brand","embeddable":true,"href":"https:\/\/espaciodeinfancias.com.ar\/index.php?rest_route=%2Fwp%2Fv2%2Fproduct_brand&post=505"},{"taxonomy":"product_cat","embeddable":true,"href":"https:\/\/espaciodeinfancias.com.ar\/index.php?rest_route=%2Fwp%2Fv2%2Fproduct_cat&post=505"},{"taxonomy":"product_tag","embeddable":true,"href":"https:\/\/espaciodeinfancias.com.ar\/index.php?rest_route=%2Fwp%2Fv2%2Fproduct_tag&post=505"}],"curies":[{"name":"wp","href":"https:\/\/api.w.org\/{rel}","templated":true}]}}