{"id":507,"date":"2024-10-02T00:29:27","date_gmt":"2024-10-02T00:29:27","guid":{"rendered":"https:\/\/espaciodeinfancias.com.ar\/?post_type=product&#038;p=507"},"modified":"2026-01-14T22:01:01","modified_gmt":"2026-01-14T22:01:01","slug":"caperucita-roja","status":"publish","type":"product","link":"https:\/\/espaciodeinfancias.com.ar\/?product=caperucita-roja","title":{"rendered":"Caperucita Roja"},"content":{"rendered":"<p>CAPERUCITA ROJA<\/p>\n<p>Caperucita Roja tiene que cruzar el bosque para cumplir una misi\u00f3n: visitar a su abuela que est\u00e1 enferma. En el camino, entre \u00e1rboles y flores, se cruzar\u00e1 con el Lobo, malvado y mentiroso, que querr\u00e1 enga\u00f1arla y arruinar sus planes.<\/p>\n<p>Un cl\u00e1sico de la literatura infantil de todos los tiempos, escrito por Charles Perrault y bellamente ilustrado por Marcelo Morais.<\/p>\n","protected":false},"excerpt":{"rendered":"<p>Charles Perrault, Marcelo Morais<br \/>\n<strong>Caperucita Roja<\/strong><br \/>\nG\u00e1rgola Ediciones<\/p>\n<p><strong>P\u00e1ginas:<\/strong>\u00a032<br \/>\n<strong>Formato:<\/strong>\u00a025.0 x 23.0 cm.<br \/>\n<strong>Peso:<\/strong>\u00a00.22 kgs.<br \/>\n<strong>ISBN:<\/strong>\u00a09789876133708<\/p>\n","protected":false},"featured_media":508,"comment_status":"closed","ping_status":"closed","template":"","meta":[],"product_brand":[],"product_cat":[17,22],"product_tag":[],"class_list":{"0":"post-507","1":"product","2":"type-product","3":"status-publish","4":"has-post-thumbnail","6":"product_cat-literatura","7":"product_cat-libros","8":"product_shipping_class-literatura","9":"post","11":"first","12":"outofstock","13":"shipping-taxable","14":"purchasable","15":"product-type-simple"},"_links":{"self":[{"href":"https:\/\/espaciodeinfancias.com.ar\/index.php?rest_route=\/wp\/v2\/product\/507","targetHints":{"allow":["GET"]}}],"collection":[{"href":"https:\/\/espaciodeinfancias.com.ar\/index.php?rest_route=\/wp\/v2\/product"}],"about":[{"href":"https:\/\/espaciodeinfancias.com.ar\/index.php?rest_route=\/wp\/v2\/types\/product"}],"replies":[{"embeddable":true,"href":"https:\/\/espaciodeinfancias.com.ar\/index.php?rest_route=%2Fwp%2Fv2%2Fcomments&post=507"}],"wp:featuredmedia":[{"embeddable":true,"href":"https:\/\/espaciodeinfancias.com.ar\/index.php?rest_route=\/wp\/v2\/media\/508"}],"wp:attachment":[{"href":"https:\/\/espaciodeinfancias.com.ar\/index.php?rest_route=%2Fwp%2Fv2%2Fmedia&parent=507"}],"wp:term":[{"taxonomy":"product_brand","embeddable":true,"href":"https:\/\/espaciodeinfancias.com.ar\/index.php?rest_route=%2Fwp%2Fv2%2Fproduct_brand&post=507"},{"taxonomy":"product_cat","embeddable":true,"href":"https:\/\/espaciodeinfancias.com.ar\/index.php?rest_route=%2Fwp%2Fv2%2Fproduct_cat&post=507"},{"taxonomy":"product_tag","embeddable":true,"href":"https:\/\/espaciodeinfancias.com.ar\/index.php?rest_route=%2Fwp%2Fv2%2Fproduct_tag&post=507"}],"curies":[{"name":"wp","href":"https:\/\/api.w.org\/{rel}","templated":true}]}}