{"id":557,"date":"2024-10-05T20:58:17","date_gmt":"2024-10-05T20:58:17","guid":{"rendered":"https:\/\/espaciodeinfancias.com.ar\/?post_type=product&#038;p=557"},"modified":"2026-01-14T21:36:08","modified_gmt":"2026-01-14T21:36:08","slug":"ninos-las-brujas-no-existen","status":"publish","type":"product","link":"https:\/\/espaciodeinfancias.com.ar\/?product=ninos-las-brujas-no-existen","title":{"rendered":"Ni\u00f1os las Brujas no existen"},"content":{"rendered":"<p>QUIPU LOS LIBROS DE MARIA INES FALCONI<\/p>\n<p>Dicen por ah\u00ed que, en un reino lejano, existen unas brujas enanas que se esconden y les hacen bromas pesadas solamente a los ni\u00f1os. Y como si fuera poco, los adultos no les creen porque nunca las vieron y \u00a1les echan la culpa de todas las travesuras a ellos! Pero los ni\u00f1os tienen un plan: capturar a las brujas enanas y demostrar su inocencia ante todos los que les dijeron \u00abNi\u00f1os, las brujas no existen\u00bb.<\/p>\n<p>Una nueva edici\u00f3n del cl\u00e1sico de Mar\u00eda In\u00e9s Falconi con ilustraciones de Federico Combi, para adentrarse en el mundo m\u00e1gico de las brujas con nariz de zanahoria.<\/p>\n","protected":false},"excerpt":{"rendered":"<p>6 a\u00f1os<br \/>\nEncuadernaci\u00f3n:R\u00fastica<br \/>\nFormato: 24 x 22 cm<br \/>\nP\u00e1ginas: 36<\/p>\n","protected":false},"featured_media":558,"comment_status":"closed","ping_status":"closed","template":"","meta":[],"product_brand":[],"product_cat":[17,22],"product_tag":[],"class_list":{"0":"post-557","1":"product","2":"type-product","3":"status-publish","4":"has-post-thumbnail","6":"product_cat-literatura","7":"product_cat-libros","8":"product_shipping_class-literatura","9":"post","11":"first","12":"outofstock","13":"shipping-taxable","14":"purchasable","15":"product-type-simple"},"_links":{"self":[{"href":"https:\/\/espaciodeinfancias.com.ar\/index.php?rest_route=\/wp\/v2\/product\/557","targetHints":{"allow":["GET"]}}],"collection":[{"href":"https:\/\/espaciodeinfancias.com.ar\/index.php?rest_route=\/wp\/v2\/product"}],"about":[{"href":"https:\/\/espaciodeinfancias.com.ar\/index.php?rest_route=\/wp\/v2\/types\/product"}],"replies":[{"embeddable":true,"href":"https:\/\/espaciodeinfancias.com.ar\/index.php?rest_route=%2Fwp%2Fv2%2Fcomments&post=557"}],"wp:featuredmedia":[{"embeddable":true,"href":"https:\/\/espaciodeinfancias.com.ar\/index.php?rest_route=\/wp\/v2\/media\/558"}],"wp:attachment":[{"href":"https:\/\/espaciodeinfancias.com.ar\/index.php?rest_route=%2Fwp%2Fv2%2Fmedia&parent=557"}],"wp:term":[{"taxonomy":"product_brand","embeddable":true,"href":"https:\/\/espaciodeinfancias.com.ar\/index.php?rest_route=%2Fwp%2Fv2%2Fproduct_brand&post=557"},{"taxonomy":"product_cat","embeddable":true,"href":"https:\/\/espaciodeinfancias.com.ar\/index.php?rest_route=%2Fwp%2Fv2%2Fproduct_cat&post=557"},{"taxonomy":"product_tag","embeddable":true,"href":"https:\/\/espaciodeinfancias.com.ar\/index.php?rest_route=%2Fwp%2Fv2%2Fproduct_tag&post=557"}],"curies":[{"name":"wp","href":"https:\/\/api.w.org\/{rel}","templated":true}]}}